{"id":1318,"date":"2023-08-11T09:13:54","date_gmt":"2023-08-11T09:13:54","guid":{"rendered":"https:\/\/k-si.dk\/?page_id=1318"},"modified":"2023-09-20T08:09:52","modified_gmt":"2023-09-20T08:09:52","slug":"altaner","status":"publish","type":"page","link":"https:\/\/k-si.dk\/index.php\/altaner\/","title":{"rendered":"Altaner"},"content":{"rendered":"<div class=\"wpb-content-wrapper\"><p>[vc_row][vc_column]<div class=\"ult-spacer spacer-69e348e7477c6\" data-id=\"69e348e7477c6\" data-height=\"40\" data-height-mobile=\"30\" data-height-tab=\"30\" data-height-tab-portrait=\"30\" data-height-mobile-landscape=\"30\" style=\"clear:both;display:block;\"><\/div>[\/vc_column][\/vc_row][vc_row][vc_column width=&#8221;1\/2&#8243;][vc_column_text el_class=&#8221;fontSize&#8221;]<\/p>\n<h3>ALTANER MED FLOTTE GEL\u00c6NDERE OG TRAPPER<\/h3>\n<p>Vil du have lavet en flot altan til dit hus? Hos Kolding St\u00e5lindustri tilbyder vi at skr\u00e6ddersy altaner til vores kunders huse. Har du derfor nogle helt specielle forestillinger om, hvordan din altan skal se ud, kan vi opfylde dem. Vi udf\u00f8rer smedearbejde i bl.a. jern, aluminium, rustfrit st\u00e5l, messing, bronze og st\u00f8begods.<\/p>\n<p>\u200b<\/p>\n<p>Vi har vores eget smedev\u00e6rksted, men har ogs\u00e5 et team klar af dygtige medarbejdere, som vi kan sende ud til dig og vores \u00f8vrige kunders huse for at lave flotte kvalitets altaner. Nye altaner er ideelt ved renovering af huse.<\/p>\n<p>\u200b<\/p>\n<ul>\n<li>Hvordan vi udf\u00f8rer altaner til mange forskellige bygninger og huse<\/li>\n<li>Hvordan du kan f\u00e5 en samlet l\u00f8sning med altan og trappe<\/li>\n<li>Hvordan vi hj\u00e6lper dig med at finde den bedst mulige altan-l\u00f8sning<\/li>\n<\/ul>\n<p>\u200b\u200b<\/p>\n<p>I galleriet her p\u00e5 vores hjemmeside kan du se nogle eksempler p\u00e5 de altaner, vi har lavet. Har du sp\u00f8rgsm\u00e5l til altaner eller andre af vores produkter, skal du blot ringe til os p\u00e5 telefon 70 60 22 20 eller e-mail: flemming@k-si.dk.<\/p>\n<p>\u200b\u200b<\/p>\n<p>\u200b<\/p>\n<h3>ALTANER TIL ANDELS-, BOLIG- OG EJERFORENINGER SAMT PRIVATE<\/h3>\n<p>Har du brug for altaner til fx boligforeninger, ejerlejligheder eller m\u00e5ske som privatperson? Uanset om det er en enkelt eller flere altaner, der er tale om, kan vi hos Kolding St\u00e5lindustri tilbyde at udf\u00f8re altaner i god kvalitet og i det materiale, det design og den stil, som du \u00f8nsker.<\/p>\n<p>\u200b<\/p>\n<p>Vi l\u00e6gger v\u00e6gt p\u00e5 en god dialog med vores kunder, s\u00e5 vi sammen finder den helt rigtige l\u00f8sning. Er der tale om arbejde med flere altaner ved fx en ejerforening, kommer vores dygtige smede ud til den respektive bygning og udf\u00f8rer arbejdet\u200b[\/vc_column_text][\/vc_column][vc_column width=&#8221;1\/2&#8243;]<div class=\"ult-spacer spacer-69e348e7477d7\" data-id=\"69e348e7477d7\" data-height=\"0\" data-height-mobile=\"15\" data-height-tab=\"0\" data-height-tab-portrait=\"0\" data-height-mobile-landscape=\"15\" style=\"clear:both;display:block;\"><\/div>[vc_column_text]<\/p>\n<h3>SAMLET L\u00d8SNING MED ALTANER OG TRAPPER<\/h3>\n<p>Hos Kolding St\u00e5lindustri er vi eksperter i dygtigt smedearbejde med b\u00e5de altaner, gel\u00e6ndere og trapper. Har du et hus, hvor du dr\u00f8mmer om en trappe ned fra altanen til haven, kan vi derfor opfylde dette. Vi udf\u00f8rer altaner og trapper i samme design, s\u00e5 du er sikret stilm\u00e6ssig sammenh\u00e6ng og et rigtig flot resultat, der passer perfekt sammen.<\/p>\n<p>\u200b<\/p>\n<p>Med en s\u00e5dan l\u00f8sning med altan og trapper kan du h\u00e6ve husets standard betydeligt. Du kan samtidig f\u00e5 meget mere gl\u00e6de af dit hus, for du kan nyde solen og samtidig nemt bev\u00e6ge dig fra haven, altanen og husets 1. sal.<\/p>\n<p>\u200b<\/p>\n<h3><strong>\u200b<\/strong>EN L\u00d8SNING MED ALTANER, SOM PASSER DIG<\/h3>\n<p>Hvordan finder man den rigtige l\u00f8sning i forhold til altaner? Der er flere faktorer at tage h\u00f8jde for, som vi sammen kan dr\u00f8fte, inden vi g\u00e5r i gang med at lave altanen. Overvej fx hvordan gel\u00e6nderet skal v\u00e6re \u2013 skal det afsk\u00e6rme for blikke udefra, eller vil du gerne selv kunne nyde udsigten igennem gel\u00e6nderet, n\u00e5r du sidder p\u00e5 altanen eller inde i huset?<\/p>\n<p>\u200b<\/p>\n<p>Er der sm\u00e5 b\u00f8rn, der skal l\u00f8be rundt p\u00e5 altanen, s\u00e5 ekstra sikkerhed er p\u00e5kr\u00e6vet? Sammen finder vi den l\u00f8sning, som passer bedst til dig, da \u00f8nsker og behov er yderst individuelle.<\/p>\n<p>\u200b<\/p>\n<p>\u200bIndehaveren af Kolding St\u00e5lindustri, Jens-Oluf Anker, har 25 \u00e5rs erfaring i specialsvejsning. Derfor kan vi im\u00f8dekomme alle special\u00f8nsker i forhold til altaner.<\/p>\n<p>\u200b<\/p>\n<h3>KONTAKT OS<\/h3>\n<p>\u200bHar du sp\u00f8rgsm\u00e5l til vores l\u00f8sninger med altaner, er du meget velkommen til at kontakte os p\u00e5 telefon 75 53 66 41 eller e-mail: flemming@k-si.dk.[\/vc_column_text][\/vc_column][\/vc_row]<\/p>\n<\/div>","protected":false},"excerpt":{"rendered":"<p>[vc_row][vc_column][\/vc_column][\/vc_row][vc_row][vc_column width=&#8221;1\/2&#8243;][vc_column_text el_class=&#8221;fontSize&#8221;] ALTANER MED FLOTTE GEL\u00c6NDERE OG TRAPPER Vil du have lavet en flot altan til dit hus? Hos Kolding St\u00e5lindustri tilbyder vi at skr\u00e6ddersy altaner til vores kunders huse. Har du derfor nogle helt specielle forestillinger om, hvordan din altan skal se ud, kan vi opfylde dem. Vi udf\u00f8rer smedearbejde i bl.a. jern,&hellip;<\/p>\n","protected":false},"author":2,"featured_media":0,"parent":0,"menu_order":0,"comment_status":"closed","ping_status":"closed","template":"","meta":{"footnotes":""},"class_list":["post-1318","page","type-page","status-publish","hentry","description-off"],"_links":{"self":[{"href":"https:\/\/k-si.dk\/index.php\/wp-json\/wp\/v2\/pages\/1318","targetHints":{"allow":["GET"]}}],"collection":[{"href":"https:\/\/k-si.dk\/index.php\/wp-json\/wp\/v2\/pages"}],"about":[{"href":"https:\/\/k-si.dk\/index.php\/wp-json\/wp\/v2\/types\/page"}],"author":[{"embeddable":true,"href":"https:\/\/k-si.dk\/index.php\/wp-json\/wp\/v2\/users\/2"}],"replies":[{"embeddable":true,"href":"https:\/\/k-si.dk\/index.php\/wp-json\/wp\/v2\/comments?post=1318"}],"version-history":[{"count":21,"href":"https:\/\/k-si.dk\/index.php\/wp-json\/wp\/v2\/pages\/1318\/revisions"}],"predecessor-version":[{"id":1576,"href":"https:\/\/k-si.dk\/index.php\/wp-json\/wp\/v2\/pages\/1318\/revisions\/1576"}],"wp:attachment":[{"href":"https:\/\/k-si.dk\/index.php\/wp-json\/wp\/v2\/media?parent=1318"}],"curies":[{"name":"wp","href":"https:\/\/api.w.org\/{rel}","templated":true}]}}