{"id":1320,"date":"2023-08-11T09:14:03","date_gmt":"2023-08-11T09:14:03","guid":{"rendered":"https:\/\/k-si.dk\/?page_id=1320"},"modified":"2023-09-20T08:11:20","modified_gmt":"2023-09-20T08:11:20","slug":"trapper","status":"publish","type":"page","link":"https:\/\/k-si.dk\/index.php\/trapper\/","title":{"rendered":"Trapper"},"content":{"rendered":"<div class=\"wpb-content-wrapper\"><p>[vc_row][vc_column]<div class=\"ult-spacer spacer-69e34c0f8cfa7\" data-id=\"69e34c0f8cfa7\" data-height=\"40\" data-height-mobile=\"30\" data-height-tab=\"30\" data-height-tab-portrait=\"30\" data-height-mobile-landscape=\"30\" style=\"clear:both;display:block;\"><\/div>[\/vc_column][\/vc_row][vc_row][vc_column width=&#8221;1\/2&#8243;][vc_column_text el_class=&#8221;fontSize&#8221;]<\/p>\n<h3>\u200bLEDER DU EFTER DEN HELT RIGTIGE L\u00d8SNING INDEN FOR TRAPPER?<\/h3>\n<p>G\u00e5r du med en bestemt forestilling om, hvordan den nye trappe skal se ud, eller vil du gerne have trapper, som ingen andre har, er det \u00e6rgerligt at skulle n\u00f8jes med standardproducerede trapper.<br \/>\n\u200b<br \/>\n\u200bHos Kolding St\u00e5lindustri kan vi fremstille en unik trappe til dit hjem, s\u00e5 du ikke skal g\u00e5 p\u00e5 kompromis med dine \u00f8nsker eller se masser af identiske trapper i andres hjem. Vi har dygtige smede ansat, som st\u00e5r klar til at udforme trapper, som du gerne vil have dem \u2013 naturligvis altid i solid kvalitet.<\/p>\n<h3>HER P\u00c5 SIDEN KAN DU L\u00c6SE MERE OM:<\/h3>\n<ul>\n<li>Vores brede sortiment inden for udformning af trapper<\/li>\n<li>Vores specialudf\u00f8rte trapper<\/li>\n<li>Muligheden for at f\u00e5 b\u00e5de altan og udend\u00f8rs trappe.<\/li>\n<\/ul>\n<p>I galleriet her p\u00e5 vores hjemmeside finder du nogle eksempler p\u00e5 trapper, vi har lavet. Har du sp\u00f8rgsm\u00e5l til trapper eller andre af vores services, er du velkommen til at ringe til os p\u00e5 vores telefon 70 60 22 20 eller maile: flemming@k-si.dk.<\/p>\n<p>\u200b<\/p>\n<h3>VI UDF\u00d8RER EN BRED VIFTE AF TRAPPER<\/h3>\n<p>Hvordan skal din trappe se ud? Skal den v\u00e6re stilren, romantisk eller nyskabende? Uanset om du er til det sikre stilm\u00e6ssige valg, eller du er til en original, nyt\u00e6nkt trappe, kan vi im\u00f8dekomme dine \u00f8nsker. Vi udf\u00f8rer alt lige fra de traditionelle trapper til mere kreative l\u00f8sninger.<\/p>\n<p>\u200b<\/p>\n<p>Alle er de udf\u00f8rt i gedigen kvalitet af vores fagligt dygtige medarbejdere. Din nye trappe vil v\u00e6re efter dine \u00f8nsker og behov. Vi starter nemlig altid med en god og konstruktiv dialog om, hvordan trapperne skal se ud, s\u00e5 vi er sikre p\u00e5 at finde den rette l\u00f8sning.[\/vc_column_text][\/vc_column][vc_column width=&#8221;1\/2&#8243;]<div class=\"ult-spacer spacer-69e34c0f8cfba\" data-id=\"69e34c0f8cfba\" data-height=\"0\" data-height-mobile=\"15\" data-height-tab=\"0\" data-height-tab-portrait=\"0\" data-height-mobile-landscape=\"15\" style=\"clear:both;display:block;\"><\/div>[vc_column_text]<\/p>\n<h3>SPECIALUDF\u00d8RTE TRAPPER<\/h3>\n<p>Hos Kolding St\u00e5lindustri st\u00e5r vi ikke tilbage for special\u00f8nsker i forhold til udformninger af trapper. Alle vores medarbejdere er engagerede og meget fagligt kompetente smede. Dertil har indehaveren, Jens-Oluf Anker, 25 \u00e5rs erfaring i specialsvejsning.<\/p>\n<p>\u200b<\/p>\n<p>Det g\u00f8r rammerne for hvilket arbejde, vi kan udf\u00f8re, enormt brede, og vi st\u00e5r p\u00e5 ingen m\u00e5de tilbage for udfordringer. Har du allerede en helt fastlagt id\u00e9 til trappens udformning, er vi hurtigt klar til at g\u00e5 i gang med arbejdet. Ellers udarbejder vi sammen en plan for din nye trappe. Find evt. inspiration i vores billedgalleri.<\/p>\n<p>\u200b<\/p>\n<p>\u200b<\/p>\n<h3>TRAPPER OG ALTANER GIVER HUSE ET L\u00d8FT<\/h3>\n<p>Er du i gang med en renovering og vil du give dit hus en ansigtsl\u00f8ftning? S\u00e5 kan altaner og dertilh\u00f8rende trapper v\u00e6re den ideelle l\u00f8sning. Vi tilbyder at specialudf\u00f8re b\u00e5de altaner og trapper. P\u00e5 denne m\u00e5de kan du f\u00e5 en stilm\u00e6ssig ensartet og flot l\u00f8sning, som skaber sammenh\u00e6ng mellem b\u00e5de hus, altan og trappe.<\/p>\n<p>\u200b<\/p>\n<p>S\u00e5 undg\u00e5r du, at altan og trappe ligner noget, der er klistret p\u00e5 huset senere. Samtidig \u00f8ger du funktionaliteten omkring dit hus, da du f\u00e5 flere muligheder for at nyde solen, samt nemt forbinder haven, altanen og 1. salen p\u00e5 dit hus.<\/p>\n<p>\u200b<\/p>\n<h3>\u200bKONTAKT OS<\/h3>\n<p>Vores kontor og smedev\u00e6rksted ligger p\u00e5\u00a0<a class=\"custom40\" title=\"F\u00e5 rutevejledning her\" href=\"https:\/\/www.google.com\/maps\/dir\/\/V%C3%A6rkstedsvej+2,+6000+Kolding\/@55.4724164,9.4795804,17z\/data=!4m8!4m7!1m0!1m5!1m1!1s0x464ca1db8bf6ef6f:0x258f2fdfd1c109dc!2m2!1d9.4817691!2d55.4724164\" target=\"_blank\" rel=\"noopener\">V\u00e6rkstedsvej 2 i Kolding<\/a>. Har du sp\u00f8rgsm\u00e5l til vores trapper, kan du kontakte os p\u00e5 telefon 70 60 22 20 eller maile: flemming@k-si.dk.[\/vc_column_text][\/vc_column][\/vc_row]<\/p>\n<\/div>","protected":false},"excerpt":{"rendered":"<p>[vc_row][vc_column][\/vc_column][\/vc_row][vc_row][vc_column width=&#8221;1\/2&#8243;][vc_column_text el_class=&#8221;fontSize&#8221;] \u200bLEDER DU EFTER DEN HELT RIGTIGE L\u00d8SNING INDEN FOR TRAPPER? G\u00e5r du med en bestemt forestilling om, hvordan den nye trappe skal se ud, eller vil du gerne have trapper, som ingen andre har, er det \u00e6rgerligt at skulle n\u00f8jes med standardproducerede trapper. \u200b \u200bHos Kolding St\u00e5lindustri kan vi fremstille en unik&hellip;<\/p>\n","protected":false},"author":2,"featured_media":0,"parent":0,"menu_order":0,"comment_status":"closed","ping_status":"closed","template":"","meta":{"footnotes":""},"class_list":["post-1320","page","type-page","status-publish","hentry","description-off"],"_links":{"self":[{"href":"https:\/\/k-si.dk\/index.php\/wp-json\/wp\/v2\/pages\/1320","targetHints":{"allow":["GET"]}}],"collection":[{"href":"https:\/\/k-si.dk\/index.php\/wp-json\/wp\/v2\/pages"}],"about":[{"href":"https:\/\/k-si.dk\/index.php\/wp-json\/wp\/v2\/types\/page"}],"author":[{"embeddable":true,"href":"https:\/\/k-si.dk\/index.php\/wp-json\/wp\/v2\/users\/2"}],"replies":[{"embeddable":true,"href":"https:\/\/k-si.dk\/index.php\/wp-json\/wp\/v2\/comments?post=1320"}],"version-history":[{"count":14,"href":"https:\/\/k-si.dk\/index.php\/wp-json\/wp\/v2\/pages\/1320\/revisions"}],"predecessor-version":[{"id":1577,"href":"https:\/\/k-si.dk\/index.php\/wp-json\/wp\/v2\/pages\/1320\/revisions\/1577"}],"wp:attachment":[{"href":"https:\/\/k-si.dk\/index.php\/wp-json\/wp\/v2\/media?parent=1320"}],"curies":[{"name":"wp","href":"https:\/\/api.w.org\/{rel}","templated":true}]}}